{"id":14,"date":"2021-11-21T15:14:19","date_gmt":"2021-11-21T15:14:19","guid":{"rendered":"http:\/\/www.integralsafety.com.uy\/index.php\/about\/"},"modified":"2026-01-30T16:44:09","modified_gmt":"2026-01-30T16:44:09","slug":"quienes-somos","status":"publish","type":"page","link":"https:\/\/www.integralsafety.com.uy\/index.php\/quienes-somos\/","title":{"rendered":"Qui\u00e9nes somos"},"content":{"rendered":"\t\t<div data-elementor-type=\"wp-page\" data-elementor-id=\"14\" class=\"elementor elementor-14\">\n\t\t\t\t\t\t<section class=\"elementor-section elementor-top-section elementor-element elementor-element-034f786 elementor-section-boxed elementor-section-height-default elementor-section-height-default\" data-id=\"034f786\" data-element_type=\"section\">\n\t\t\t\t\t\t<div class=\"elementor-container elementor-column-gap-default\">\n\t\t\t\t\t<div class=\"elementor-column elementor-col-100 elementor-top-column elementor-element elementor-element-ba0c118\" data-id=\"ba0c118\" data-element_type=\"column\">\n\t\t\t<div class=\"elementor-widget-wrap elementor-element-populated\">\n\t\t\t\t\t\t<div class=\"elementor-element elementor-element-3dc998b elementor-widget elementor-widget-heading\" data-id=\"3dc998b\" data-element_type=\"widget\" data-widget_type=\"heading.default\">\n\t\t\t\t<div class=\"elementor-widget-container\">\n\t\t\t\t\t<h4 class=\"elementor-heading-title elementor-size-default\">Somos una Empresa enfocada en facilitar los servicios vinculados a la Seguridad y Salud de los trabajos. <br><p data-start=\"201\" data-end=\"554\">Somos una empresa especializada en <strong data-start=\"236\" data-end=\"283\">seguridad y prevenci\u00f3n de riesgos laborales<\/strong>, orientada a acompa\u00f1ar a organizaciones p\u00fablicas y privadas en la gesti\u00f3n responsable de sus actividades.<br data-start=\"389\" data-end=\"392\">\nTrabajamos con un enfoque <strong data-start=\"418\" data-end=\"449\">t\u00e9cnico, pr\u00e1ctico y cercano<\/strong>, priorizando soluciones aplicables que cuiden a las personas, la operaci\u00f3n y la continuidad del negocio.<\/p><\/h4>\t\t\t\t<\/div>\n\t\t\t\t<\/div>\n\t\t\t\t<div class=\"elementor-element elementor-element-9fdb291 elementor-widget elementor-widget-image\" data-id=\"9fdb291\" data-element_type=\"widget\" data-widget_type=\"image.default\">\n\t\t\t\t<div class=\"elementor-widget-container\">\n\t\t\t\t\t\t\t\t\t\t\t\t\t\t\t<img fetchpriority=\"high\" decoding=\"async\" width=\"1170\" height=\"600\" src=\"https:\/\/www.integralsafety.com.uy\/wp-content\/uploads\/2022\/05\/Diseno-sin-titulo-12.png\" class=\"attachment-full size-full wp-image-1513\" alt=\"\" srcset=\"https:\/\/www.integralsafety.com.uy\/wp-content\/uploads\/2022\/05\/Diseno-sin-titulo-12.png 1170w, https:\/\/www.integralsafety.com.uy\/wp-content\/uploads\/2022\/05\/Diseno-sin-titulo-12-300x154.png 300w, https:\/\/www.integralsafety.com.uy\/wp-content\/uploads\/2022\/05\/Diseno-sin-titulo-12-1024x525.png 1024w, https:\/\/www.integralsafety.com.uy\/wp-content\/uploads\/2022\/05\/Diseno-sin-titulo-12-768x394.png 768w\" sizes=\"(max-width: 1170px) 100vw, 1170px\" \/>\t\t\t\t\t\t\t\t\t\t\t\t\t\t\t<\/div>\n\t\t\t\t<\/div>\n\t\t\t\t<section class=\"elementor-section elementor-inner-section elementor-element elementor-element-d762106 elementor-section-boxed elementor-section-height-default elementor-section-height-default\" data-id=\"d762106\" data-element_type=\"section\">\n\t\t\t\t\t\t<div class=\"elementor-container elementor-column-gap-default\">\n\t\t\t\t\t<div class=\"elementor-column elementor-col-50 elementor-inner-column elementor-element elementor-element-08ec54c\" data-id=\"08ec54c\" data-element_type=\"column\">\n\t\t\t<div class=\"elementor-widget-wrap elementor-element-populated\">\n\t\t\t\t\t\t<div class=\"elementor-element elementor-element-d35be41 elementor-widget elementor-widget-heading\" data-id=\"d35be41\" data-element_type=\"widget\" data-widget_type=\"heading.default\">\n\t\t\t\t<div class=\"elementor-widget-container\">\n\t\t\t\t\t<h3 class=\"elementor-heading-title elementor-size-default\">Nuestra Misi\u00f3n <\/h3>\t\t\t\t<\/div>\n\t\t\t\t<\/div>\n\t\t\t\t<div class=\"elementor-element elementor-element-8fa3d11 elementor-widget elementor-widget-text-editor\" data-id=\"8fa3d11\" data-element_type=\"widget\" data-widget_type=\"text-editor.default\">\n\t\t\t\t<div class=\"elementor-widget-container\">\n\t\t\t\t\t\t\t\t\t<p>Construir el mejor Servicio de Seguridad y Salud. Implementando herramientas que faciliten a profesionales y empresas que trabajen con nosotros la gesti\u00f3n en las organizaciones.<\/p>\t\t\t\t\t\t\t\t<\/div>\n\t\t\t\t<\/div>\n\t\t\t\t\t<\/div>\n\t\t<\/div>\n\t\t\t\t<div class=\"elementor-column elementor-col-50 elementor-inner-column elementor-element elementor-element-d30d7a1\" data-id=\"d30d7a1\" data-element_type=\"column\">\n\t\t\t<div class=\"elementor-widget-wrap elementor-element-populated\">\n\t\t\t\t\t\t<div class=\"elementor-element elementor-element-6260bc9 elementor-widget elementor-widget-heading\" data-id=\"6260bc9\" data-element_type=\"widget\" data-widget_type=\"heading.default\">\n\t\t\t\t<div class=\"elementor-widget-container\">\n\t\t\t\t\t<h3 class=\"elementor-heading-title elementor-size-default\">Nuestros valores <\/h3>\t\t\t\t<\/div>\n\t\t\t\t<\/div>\n\t\t\t\t<div class=\"elementor-element elementor-element-3a99000 elementor-widget elementor-widget-text-editor\" data-id=\"3a99000\" data-element_type=\"widget\" data-widget_type=\"text-editor.default\">\n\t\t\t\t<div class=\"elementor-widget-container\">\n\t\t\t\t\t\t\t\t\t<p>Nos esforzamos por <strong data-start=\"202\" data-end=\"240\">ir m\u00e1s all\u00e1 para nuestros clientes<\/strong>, sin importar el desaf\u00edo.<br data-start=\"266\" data-end=\"269\" \/>Trabajamos con <strong data-start=\"284\" data-end=\"328\">compromiso, responsabilidad y excelencia<\/strong>, con el objetivo de ofrecer <strong data-start=\"357\" data-end=\"397\" data-is-only-node=\"\">nuestro mejor trabajo todos los d\u00edas<\/strong>, aportando soluciones reales y un servicio en el que se pueda confiar.<\/p>\t\t\t\t\t\t\t\t<\/div>\n\t\t\t\t<\/div>\n\t\t\t\t\t<\/div>\n\t\t<\/div>\n\t\t\t\t\t<\/div>\n\t\t<\/section>\n\t\t\t\t\t<\/div>\n\t\t<\/div>\n\t\t\t\t\t<\/div>\n\t\t<\/section>\n\t\t\t\t<section class=\"elementor-section elementor-top-section elementor-element elementor-element-91b9295 elementor-section-boxed elementor-section-height-default elementor-section-height-default\" data-id=\"91b9295\" data-element_type=\"section\">\n\t\t\t\t\t\t<div class=\"elementor-container elementor-column-gap-default\">\n\t\t\t\t\t<div class=\"elementor-column elementor-col-100 elementor-top-column elementor-element elementor-element-d1787b5\" data-id=\"d1787b5\" data-element_type=\"column\">\n\t\t\t<div class=\"elementor-widget-wrap elementor-element-populated\">\n\t\t\t\t\t\t<div class=\"elementor-element elementor-element-6fbee9a elementor-fixed elementor-widget elementor-widget-image\" data-id=\"6fbee9a\" data-element_type=\"widget\" data-settings=\"{&quot;_position&quot;:&quot;fixed&quot;}\" data-widget_type=\"image.default\">\n\t\t\t\t<div class=\"elementor-widget-container\">\n\t\t\t\t\t\t\t\t\t\t\t\t\t\t\t\t<a href=\"https:\/\/api.whatsapp.com\/send?phone=59891203396&#038;text=\">\n\t\t\t\t\t\t\t<img decoding=\"async\" data-src=\"https:\/\/www.integralsafety.com.uy\/wp-content\/uploads\/elementor\/thumbs\/prevencion-ppcljx0buasbj9htklitdhvi99nmx74q531srs49ro.png\" title=\"prevenci\u00f3n\" alt=\"prevenci\u00f3n\" src=\"data:image\/svg+xml;base64,PHN2ZyB3aWR0aD0iMSIgaGVpZ2h0PSIxIiB4bWxucz0iaHR0cDovL3d3dy53My5vcmcvMjAwMC9zdmciPjwvc3ZnPg==\" class=\"lazyload\" style=\"--smush-placeholder-width: 50px; --smush-placeholder-aspect-ratio: 50\/50;\" \/>\t\t\t\t\t\t\t\t<\/a>\n\t\t\t\t\t\t\t\t\t\t\t\t\t\t\t<\/div>\n\t\t\t\t<\/div>\n\t\t\t\t<div class=\"elementor-element elementor-element-16baaaa elementor-fixed elementor-widget elementor-widget-progress-tracker\" data-id=\"16baaaa\" data-element_type=\"widget\" data-settings=\"{&quot;direction&quot;:&quot;rtl&quot;,&quot;percentage&quot;:&quot;yes&quot;,&quot;_position&quot;:&quot;fixed&quot;,&quot;type&quot;:&quot;horizontal&quot;,&quot;relative_to&quot;:&quot;entire_page&quot;}\" data-widget_type=\"progress-tracker.default\">\n\t\t\t\t<div class=\"elementor-widget-container\">\n\t\t\t\t\t\n\t\t<div class=\"elementor-scrolling-tracker elementor-scrolling-tracker-horizontal elementor-scrolling-tracker-alignment-\">\n\t\t\t\t\t\t<div class=\"current-progress\">\n\t\t\t\t\t<div class=\"current-progress-percentage\"><\/div>\n\t\t\t\t<\/div>\n\t\t\t\t<\/div>\n\t\t\t\t\t\t<\/div>\n\t\t\t\t<\/div>\n\t\t\t\t\t<\/div>\n\t\t<\/div>\n\t\t\t\t\t<\/div>\n\t\t<\/section>\n\t\t\t\t<section class=\"elementor-section elementor-top-section elementor-element elementor-element-2ddd2b5 elementor-section-boxed elementor-section-height-default elementor-section-height-default\" data-id=\"2ddd2b5\" data-element_type=\"section\">\n\t\t\t\t\t\t<div class=\"elementor-container elementor-column-gap-default\">\n\t\t\t\t\t<div class=\"elementor-column elementor-col-100 elementor-top-column elementor-element elementor-element-ee34116\" data-id=\"ee34116\" data-element_type=\"column\">\n\t\t\t<div class=\"elementor-widget-wrap elementor-element-populated\">\n\t\t\t\t\t\t<div class=\"elementor-element elementor-element-8575ff7 elementor-share-buttons--view-icon elementor-share-buttons--shape-circle elementor-share-buttons--skin-gradient elementor-grid-0 elementor-share-buttons--color-official elementor-widget elementor-widget-share-buttons\" data-id=\"8575ff7\" data-element_type=\"widget\" data-widget_type=\"share-buttons.default\">\n\t\t\t\t<div class=\"elementor-widget-container\">\n\t\t\t\t\t\t\t<div class=\"elementor-grid\">\n\t\t\t\t\t\t\t\t<div class=\"elementor-grid-item\">\n\t\t\t\t\t\t<div\n\t\t\t\t\t\t\tclass=\"elementor-share-btn elementor-share-btn_facebook\"\n\t\t\t\t\t\t\trole=\"button\"\n\t\t\t\t\t\t\ttabindex=\"0\"\n\t\t\t\t\t\t\taria-label=\"Share on facebook\"\n\t\t\t\t\t\t>\n\t\t\t\t\t\t\t\t\t\t\t\t\t\t\t<span class=\"elementor-share-btn__icon\">\n\t\t\t\t\t\t\t\t<i class=\"fab fa-facebook\" aria-hidden=\"true\"><\/i>\t\t\t\t\t\t\t<\/span>\n\t\t\t\t\t\t\t\t\t\t\t\t\t\t\t\t\t\t\t\t<\/div>\n\t\t\t\t\t<\/div>\n\t\t\t\t\t\t<\/div>\n\t\t\t\t\t\t<\/div>\n\t\t\t\t<\/div>\n\t\t\t\t\t<\/div>\n\t\t<\/div>\n\t\t\t\t\t<\/div>\n\t\t<\/section>\n\t\t\t\t<\/div>\n\t\t","protected":false},"excerpt":{"rendered":"<p>Somos una Empresa enfocada en facilitar los servicios vinculados a la Seguridad y Salud de los trabajos. Somos una empresa especializada en seguridad y prevenci\u00f3n de riesgos laborales, orientada a acompa\u00f1ar a organizaciones p\u00fablicas y privadas en la gesti\u00f3n responsable de sus actividades. Trabajamos con un enfoque t\u00e9cnico, pr\u00e1ctico y cercano, priorizando soluciones aplicables que &hellip;<\/p>\n<p class=\"read-more\"> <a class=\"\" href=\"https:\/\/www.integralsafety.com.uy\/index.php\/quienes-somos\/\"> <span class=\"screen-reader-text\">Qui\u00e9nes somos<\/span> Leer m\u00e1s &raquo;<\/a><\/p>\n","protected":false},"author":1,"featured_media":0,"parent":0,"menu_order":0,"comment_status":"closed","ping_status":"closed","template":"","meta":{"site-sidebar-layout":"no-sidebar","site-content-layout":"page-builder","ast-global-header-display":"","ast-main-header-display":"","ast-hfb-above-header-display":"","ast-hfb-below-header-display":"","ast-hfb-mobile-header-display":"","site-post-title":"disabled","ast-breadcrumbs-content":"","ast-featured-img":"disabled","footer-sml-layout":"","theme-transparent-header-meta":"disabled","adv-header-id-meta":"","stick-header-meta":"","header-above-stick-meta":"","header-main-stick-meta":"","header-below-stick-meta":"","footnotes":""},"class_list":["post-14","page","type-page","status-publish","hentry"],"yoast_head":"<!-- This site is optimized with the Yoast SEO plugin v26.8 - https:\/\/yoast.com\/product\/yoast-seo-wordpress\/ -->\n<title>Qui\u00e9nes somos - SEGURIDAD Y SALUD LABORAL<\/title>\n<meta name=\"robots\" content=\"index, follow, max-snippet:-1, max-image-preview:large, max-video-preview:-1\" \/>\n<link rel=\"canonical\" href=\"https:\/\/www.integralsafety.com.uy\/index.php\/quienes-somos\/\" \/>\n<meta property=\"og:locale\" content=\"es_ES\" \/>\n<meta property=\"og:type\" content=\"article\" \/>\n<meta property=\"og:title\" content=\"Qui\u00e9nes somos - SEGURIDAD Y SALUD LABORAL\" \/>\n<meta property=\"og:description\" content=\"Somos una Empresa enfocada en facilitar los servicios vinculados a la Seguridad y Salud de los trabajos. Somos una empresa especializada en seguridad y prevenci\u00f3n de riesgos laborales, orientada a acompa\u00f1ar a organizaciones p\u00fablicas y privadas en la gesti\u00f3n responsable de sus actividades. Trabajamos con un enfoque t\u00e9cnico, pr\u00e1ctico y cercano, priorizando soluciones aplicables que &hellip; Qui\u00e9nes somos Leer m\u00e1s &raquo;\" \/>\n<meta property=\"og:url\" content=\"https:\/\/www.integralsafety.com.uy\/index.php\/quienes-somos\/\" \/>\n<meta property=\"og:site_name\" content=\"SEGURIDAD Y SALUD LABORAL\" \/>\n<meta property=\"article:modified_time\" content=\"2026-01-30T16:44:09+00:00\" \/>\n<meta property=\"og:image\" content=\"https:\/\/www.integralsafety.com.uy\/wp-content\/uploads\/2022\/05\/Diseno-sin-titulo-12.png\" \/>\n\t<meta property=\"og:image:width\" content=\"1170\" \/>\n\t<meta property=\"og:image:height\" content=\"600\" \/>\n\t<meta property=\"og:image:type\" content=\"image\/png\" \/>\n<meta name=\"twitter:card\" content=\"summary_large_image\" \/>\n<meta name=\"twitter:label1\" content=\"Tiempo de lectura\" \/>\n\t<meta name=\"twitter:data1\" content=\"2 minutos\" \/>\n<script type=\"application\/ld+json\" class=\"yoast-schema-graph\">{\"@context\":\"https:\/\/schema.org\",\"@graph\":[{\"@type\":\"WebPage\",\"@id\":\"https:\/\/www.integralsafety.com.uy\/index.php\/quienes-somos\/\",\"url\":\"https:\/\/www.integralsafety.com.uy\/index.php\/quienes-somos\/\",\"name\":\"Qui\u00e9nes somos - SEGURIDAD Y SALUD LABORAL\",\"isPartOf\":{\"@id\":\"https:\/\/www.integralsafety.com.uy\/#website\"},\"primaryImageOfPage\":{\"@id\":\"https:\/\/www.integralsafety.com.uy\/index.php\/quienes-somos\/#primaryimage\"},\"image\":{\"@id\":\"https:\/\/www.integralsafety.com.uy\/index.php\/quienes-somos\/#primaryimage\"},\"thumbnailUrl\":\"https:\/\/www.integralsafety.com.uy\/wp-content\/uploads\/2022\/05\/Diseno-sin-titulo-12.png\",\"datePublished\":\"2021-11-21T15:14:19+00:00\",\"dateModified\":\"2026-01-30T16:44:09+00:00\",\"breadcrumb\":{\"@id\":\"https:\/\/www.integralsafety.com.uy\/index.php\/quienes-somos\/#breadcrumb\"},\"inLanguage\":\"es\",\"potentialAction\":[{\"@type\":\"ReadAction\",\"target\":[\"https:\/\/www.integralsafety.com.uy\/index.php\/quienes-somos\/\"]}]},{\"@type\":\"ImageObject\",\"inLanguage\":\"es\",\"@id\":\"https:\/\/www.integralsafety.com.uy\/index.php\/quienes-somos\/#primaryimage\",\"url\":\"https:\/\/www.integralsafety.com.uy\/wp-content\/uploads\/2022\/05\/Diseno-sin-titulo-12.png\",\"contentUrl\":\"https:\/\/www.integralsafety.com.uy\/wp-content\/uploads\/2022\/05\/Diseno-sin-titulo-12.png\",\"width\":1170,\"height\":600},{\"@type\":\"BreadcrumbList\",\"@id\":\"https:\/\/www.integralsafety.com.uy\/index.php\/quienes-somos\/#breadcrumb\",\"itemListElement\":[{\"@type\":\"ListItem\",\"position\":1,\"name\":\"Portada\",\"item\":\"https:\/\/www.integralsafety.com.uy\/\"},{\"@type\":\"ListItem\",\"position\":2,\"name\":\"Qui\u00e9nes somos\"}]},{\"@type\":\"WebSite\",\"@id\":\"https:\/\/www.integralsafety.com.uy\/#website\",\"url\":\"https:\/\/www.integralsafety.com.uy\/\",\"name\":\"SEGURIDAD Y SALUD LABORAL\",\"description\":\"T&eacute;cnico Prevencionista \",\"publisher\":{\"@id\":\"https:\/\/www.integralsafety.com.uy\/#organization\"},\"potentialAction\":[{\"@type\":\"SearchAction\",\"target\":{\"@type\":\"EntryPoint\",\"urlTemplate\":\"https:\/\/www.integralsafety.com.uy\/?s={search_term_string}\"},\"query-input\":{\"@type\":\"PropertyValueSpecification\",\"valueRequired\":true,\"valueName\":\"search_term_string\"}}],\"inLanguage\":\"es\"},{\"@type\":\"Organization\",\"@id\":\"https:\/\/www.integralsafety.com.uy\/#organization\",\"name\":\"SEGURIDAD Y SALUD LABORAL\",\"url\":\"https:\/\/www.integralsafety.com.uy\/\",\"logo\":{\"@type\":\"ImageObject\",\"inLanguage\":\"es\",\"@id\":\"https:\/\/www.integralsafety.com.uy\/#\/schema\/logo\/image\/\",\"url\":\"https:\/\/www.integralsafety.com.uy\/wp-content\/uploads\/2022\/07\/Integral-Safety-Logotipo-Final-WEB-PNG.png\",\"contentUrl\":\"https:\/\/www.integralsafety.com.uy\/wp-content\/uploads\/2022\/07\/Integral-Safety-Logotipo-Final-WEB-PNG.png\",\"width\":1000,\"height\":1000,\"caption\":\"SEGURIDAD Y SALUD LABORAL\"},\"image\":{\"@id\":\"https:\/\/www.integralsafety.com.uy\/#\/schema\/logo\/image\/\"}}]}<\/script>\n<!-- \/ Yoast SEO plugin. -->","yoast_head_json":{"title":"Qui\u00e9nes somos - SEGURIDAD Y SALUD LABORAL","robots":{"index":"index","follow":"follow","max-snippet":"max-snippet:-1","max-image-preview":"max-image-preview:large","max-video-preview":"max-video-preview:-1"},"canonical":"https:\/\/www.integralsafety.com.uy\/index.php\/quienes-somos\/","og_locale":"es_ES","og_type":"article","og_title":"Qui\u00e9nes somos - SEGURIDAD Y SALUD LABORAL","og_description":"Somos una Empresa enfocada en facilitar los servicios vinculados a la Seguridad y Salud de los trabajos. Somos una empresa especializada en seguridad y prevenci\u00f3n de riesgos laborales, orientada a acompa\u00f1ar a organizaciones p\u00fablicas y privadas en la gesti\u00f3n responsable de sus actividades. Trabajamos con un enfoque t\u00e9cnico, pr\u00e1ctico y cercano, priorizando soluciones aplicables que &hellip; Qui\u00e9nes somos Leer m\u00e1s &raquo;","og_url":"https:\/\/www.integralsafety.com.uy\/index.php\/quienes-somos\/","og_site_name":"SEGURIDAD Y SALUD LABORAL","article_modified_time":"2026-01-30T16:44:09+00:00","og_image":[{"width":1170,"height":600,"url":"https:\/\/www.integralsafety.com.uy\/wp-content\/uploads\/2022\/05\/Diseno-sin-titulo-12.png","type":"image\/png"}],"twitter_card":"summary_large_image","twitter_misc":{"Tiempo de lectura":"2 minutos"},"schema":{"@context":"https:\/\/schema.org","@graph":[{"@type":"WebPage","@id":"https:\/\/www.integralsafety.com.uy\/index.php\/quienes-somos\/","url":"https:\/\/www.integralsafety.com.uy\/index.php\/quienes-somos\/","name":"Qui\u00e9nes somos - SEGURIDAD Y SALUD LABORAL","isPartOf":{"@id":"https:\/\/www.integralsafety.com.uy\/#website"},"primaryImageOfPage":{"@id":"https:\/\/www.integralsafety.com.uy\/index.php\/quienes-somos\/#primaryimage"},"image":{"@id":"https:\/\/www.integralsafety.com.uy\/index.php\/quienes-somos\/#primaryimage"},"thumbnailUrl":"https:\/\/www.integralsafety.com.uy\/wp-content\/uploads\/2022\/05\/Diseno-sin-titulo-12.png","datePublished":"2021-11-21T15:14:19+00:00","dateModified":"2026-01-30T16:44:09+00:00","breadcrumb":{"@id":"https:\/\/www.integralsafety.com.uy\/index.php\/quienes-somos\/#breadcrumb"},"inLanguage":"es","potentialAction":[{"@type":"ReadAction","target":["https:\/\/www.integralsafety.com.uy\/index.php\/quienes-somos\/"]}]},{"@type":"ImageObject","inLanguage":"es","@id":"https:\/\/www.integralsafety.com.uy\/index.php\/quienes-somos\/#primaryimage","url":"https:\/\/www.integralsafety.com.uy\/wp-content\/uploads\/2022\/05\/Diseno-sin-titulo-12.png","contentUrl":"https:\/\/www.integralsafety.com.uy\/wp-content\/uploads\/2022\/05\/Diseno-sin-titulo-12.png","width":1170,"height":600},{"@type":"BreadcrumbList","@id":"https:\/\/www.integralsafety.com.uy\/index.php\/quienes-somos\/#breadcrumb","itemListElement":[{"@type":"ListItem","position":1,"name":"Portada","item":"https:\/\/www.integralsafety.com.uy\/"},{"@type":"ListItem","position":2,"name":"Qui\u00e9nes somos"}]},{"@type":"WebSite","@id":"https:\/\/www.integralsafety.com.uy\/#website","url":"https:\/\/www.integralsafety.com.uy\/","name":"SEGURIDAD Y SALUD LABORAL","description":"T&eacute;cnico Prevencionista ","publisher":{"@id":"https:\/\/www.integralsafety.com.uy\/#organization"},"potentialAction":[{"@type":"SearchAction","target":{"@type":"EntryPoint","urlTemplate":"https:\/\/www.integralsafety.com.uy\/?s={search_term_string}"},"query-input":{"@type":"PropertyValueSpecification","valueRequired":true,"valueName":"search_term_string"}}],"inLanguage":"es"},{"@type":"Organization","@id":"https:\/\/www.integralsafety.com.uy\/#organization","name":"SEGURIDAD Y SALUD LABORAL","url":"https:\/\/www.integralsafety.com.uy\/","logo":{"@type":"ImageObject","inLanguage":"es","@id":"https:\/\/www.integralsafety.com.uy\/#\/schema\/logo\/image\/","url":"https:\/\/www.integralsafety.com.uy\/wp-content\/uploads\/2022\/07\/Integral-Safety-Logotipo-Final-WEB-PNG.png","contentUrl":"https:\/\/www.integralsafety.com.uy\/wp-content\/uploads\/2022\/07\/Integral-Safety-Logotipo-Final-WEB-PNG.png","width":1000,"height":1000,"caption":"SEGURIDAD Y SALUD LABORAL"},"image":{"@id":"https:\/\/www.integralsafety.com.uy\/#\/schema\/logo\/image\/"}}]}},"_links":{"self":[{"href":"https:\/\/www.integralsafety.com.uy\/index.php\/wp-json\/wp\/v2\/pages\/14","targetHints":{"allow":["GET"]}}],"collection":[{"href":"https:\/\/www.integralsafety.com.uy\/index.php\/wp-json\/wp\/v2\/pages"}],"about":[{"href":"https:\/\/www.integralsafety.com.uy\/index.php\/wp-json\/wp\/v2\/types\/page"}],"author":[{"embeddable":true,"href":"https:\/\/www.integralsafety.com.uy\/index.php\/wp-json\/wp\/v2\/users\/1"}],"replies":[{"embeddable":true,"href":"https:\/\/www.integralsafety.com.uy\/index.php\/wp-json\/wp\/v2\/comments?post=14"}],"version-history":[{"count":52,"href":"https:\/\/www.integralsafety.com.uy\/index.php\/wp-json\/wp\/v2\/pages\/14\/revisions"}],"predecessor-version":[{"id":3174,"href":"https:\/\/www.integralsafety.com.uy\/index.php\/wp-json\/wp\/v2\/pages\/14\/revisions\/3174"}],"wp:attachment":[{"href":"https:\/\/www.integralsafety.com.uy\/index.php\/wp-json\/wp\/v2\/media?parent=14"}],"curies":[{"name":"wp","href":"https:\/\/api.w.org\/{rel}","templated":true}]}}